{"id":585,"date":"2020-09-10T15:31:48","date_gmt":"2020-09-10T13:31:48","guid":{"rendered":"https:\/\/www.rbtag.ch\/?page_id=585"},"modified":"2023-01-18T16:26:33","modified_gmt":"2023-01-18T14:26:33","slug":"fritz-nyffenegger","status":"publish","type":"page","link":"https:\/\/www.rbtag.ch\/en\/team\/fritz-nyffenegger\/","title":{"rendered":"Fritz Nyffenegger"},"content":{"rendered":"<div data-elementor-type=\"wp-page\" data-elementor-id=\"585\" class=\"elementor elementor-585\" data-elementor-post-type=\"page\">\n\t\t\t\t\t\t<section class=\"elementor-section elementor-top-section elementor-element elementor-element-4b936ce elementor-section-content-middle elementor-reverse-mobile elementor-section-boxed elementor-section-height-default elementor-section-height-default\" data-id=\"4b936ce\" data-element_type=\"section\" data-e-type=\"section\">\n\t\t\t\t\t\t<div class=\"elementor-container elementor-column-gap-no\">\n\t\t\t\t\t<div class=\"elementor-column elementor-col-50 elementor-top-column elementor-element elementor-element-85f2111\" data-id=\"85f2111\" data-element_type=\"column\" data-e-type=\"column\">\n\t\t\t<div class=\"elementor-widget-wrap elementor-element-populated\">\n\t\t\t\t\t\t<div class=\"elementor-element elementor-element-78accb6 elementor-widget elementor-widget-image\" data-id=\"78accb6\" data-element_type=\"widget\" data-e-type=\"widget\" data-widget_type=\"image.default\">\n\t\t\t\t<div class=\"elementor-widget-container\">\n\t\t\t\t\t\t\t\t\t\t\t\t\t\t\t<img fetchpriority=\"high\" decoding=\"async\" width=\"800\" height=\"534\" src=\"https:\/\/www.rbtag.ch\/wp-content\/uploads\/2023\/01\/team_fritz-nyffenegger.jpg\" class=\"attachment-large size-large wp-image-1450\" alt=\"\" srcset=\"https:\/\/www.rbtag.ch\/wp-content\/uploads\/2023\/01\/team_fritz-nyffenegger.jpg 800w, https:\/\/www.rbtag.ch\/wp-content\/uploads\/2023\/01\/team_fritz-nyffenegger-300x200.jpg 300w, https:\/\/www.rbtag.ch\/wp-content\/uploads\/2023\/01\/team_fritz-nyffenegger-768x513.jpg 768w, https:\/\/www.rbtag.ch\/wp-content\/uploads\/2023\/01\/team_fritz-nyffenegger-18x12.jpg 18w, https:\/\/www.rbtag.ch\/wp-content\/uploads\/2023\/01\/team_fritz-nyffenegger-700x467.jpg 700w\" sizes=\"(max-width: 800px) 100vw, 800px\" \/>\t\t\t\t\t\t\t\t\t\t\t\t\t\t\t<\/div>\n\t\t\t\t<\/div>\n\t\t\t\t\t<\/div>\n\t\t<\/div>\n\t\t\t\t<div class=\"elementor-column elementor-col-50 elementor-top-column elementor-element elementor-element-587deb4\" data-id=\"587deb4\" data-element_type=\"column\" data-e-type=\"column\">\n\t\t\t<div class=\"elementor-widget-wrap elementor-element-populated\">\n\t\t\t\t\t\t<div class=\"elementor-element elementor-element-9714c56 elementor-widget-divider--view-line elementor-widget elementor-widget-divider\" data-id=\"9714c56\" data-element_type=\"widget\" data-e-type=\"widget\" data-widget_type=\"divider.default\">\n\t\t\t\t<div class=\"elementor-widget-container\">\n\t\t\t\t\t\t\t<div class=\"elementor-divider\">\n\t\t\t<span class=\"elementor-divider-separator\">\n\t\t\t\t\t\t<\/span>\n\t\t<\/div>\n\t\t\t\t\t\t<\/div>\n\t\t\t\t<\/div>\n\t\t\t\t<div class=\"elementor-element elementor-element-8d12068 elementor-widget elementor-widget-text-editor\" data-id=\"8d12068\" data-element_type=\"widget\" data-e-type=\"widget\" data-widget_type=\"text-editor.default\">\n\t\t\t\t<div class=\"elementor-widget-container\">\n\t\t\t\t\t\t\t\t\t<p><strong>Fritz Nyffenegger<\/strong><\/p>\t\t\t\t\t\t\t\t<\/div>\n\t\t\t\t<\/div>\n\t\t\t\t<div class=\"elementor-element elementor-element-7f7106c elementor-widget elementor-widget-heading\" data-id=\"7f7106c\" data-element_type=\"widget\" data-e-type=\"widget\" data-widget_type=\"heading.default\">\n\t\t\t\t<div class=\"elementor-widget-container\">\n\t\t\t\t\t<h3 class=\"elementor-heading-title elementor-size-default\">As a trustee and analyst, the calm in person. Precise generalist in finance- and accounting and expert on tax law.\n<\/h3>\t\t\t\t<\/div>\n\t\t\t\t<\/div>\n\t\t\t\t<div class=\"elementor-element elementor-element-b93b069 elementor-hidden-tablet elementor-widget elementor-widget-text-editor\" data-id=\"b93b069\" data-element_type=\"widget\" data-e-type=\"widget\" data-widget_type=\"text-editor.default\">\n\t\t\t\t<div class=\"elementor-widget-container\">\n\t\t\t\t\t\t\t\t\tFritz Nyffeneger gained his knowledge advising and looking after corporate clients among others for Credit Suisse Schaffhausen and St. Moritz. He was a member of middle management, in the corporate clients division of Credit Suisse in St. Moritz. Since 2001, Fritz Nyffenegger has been a certified accountant at RBT and became partner in 2006.\n\t\t\t\t\t\t\t\t<\/div>\n\t\t\t\t<\/div>\n\t\t\t\t\t<\/div>\n\t\t<\/div>\n\t\t\t\t\t<\/div>\n\t\t<\/section>\n\t\t\t\t<section class=\"elementor-section elementor-top-section elementor-element elementor-element-180dfb7 elementor-hidden-phone elementor-hidden-desktop elementor-section-boxed elementor-section-height-default elementor-section-height-default\" data-id=\"180dfb7\" data-element_type=\"section\" data-e-type=\"section\">\n\t\t\t\t\t\t<div class=\"elementor-container elementor-column-gap-no\">\n\t\t\t\t\t<div class=\"elementor-column elementor-col-100 elementor-top-column elementor-element elementor-element-daeb79b\" data-id=\"daeb79b\" data-element_type=\"column\" data-e-type=\"column\">\n\t\t\t<div class=\"elementor-widget-wrap elementor-element-populated\">\n\t\t\t\t\t\t<div class=\"elementor-element elementor-element-0afe439 elementor-widget elementor-widget-text-editor\" data-id=\"0afe439\" data-element_type=\"widget\" data-e-type=\"widget\" data-widget_type=\"text-editor.default\">\n\t\t\t\t<div class=\"elementor-widget-container\">\n\t\t\t\t\t\t\t\t\tFritz Nyffeneger gained his knowledge advising and looking after corporate clients among others for Credit Suisse Schaffhausen and St. Moritz. He was a member of middle management, in the corporate clients division of Credit Suisse in St. Moritz. Since 2001, Fritz Nyffenegger has been a certified accountant at RBT and became partner in 2006.\t\t\t\t\t\t\t\t<\/div>\n\t\t\t\t<\/div>\n\t\t\t\t\t<\/div>\n\t\t<\/div>\n\t\t\t\t\t<\/div>\n\t\t<\/section>\n\t\t\t\t<\/div>","protected":false},"excerpt":{"rendered":"<p>Fritz Nyffenegger Als Treuh\u00e4nder und Analytiker die Ruhe in Person. Pr\u00e4ziser Generalist im Finanz- und Rechnungswesen und Kenner des Steuerrechts. Langj\u00e4hrige Erfahrung in der Beratung und Betreuung von Firmenkunden unter anderem f\u00fcr die Credit Suisse Schaffhausen und St. Moritz. Bei der CS St. Moritz zuletzt Mitglied des Kaders im Bereich Firmenkunden Region St. Moritz. Seit [&hellip;]<\/p>\n","protected":false},"author":3,"featured_media":0,"parent":307,"menu_order":0,"comment_status":"closed","ping_status":"closed","template":"","meta":{"site-sidebar-layout":"no-sidebar","site-content-layout":"page-builder","ast-site-content-layout":"default","site-content-style":"default","site-sidebar-style":"default","ast-global-header-display":"","ast-banner-title-visibility":"","ast-main-header-display":"","ast-hfb-above-header-display":"","ast-hfb-below-header-display":"","ast-hfb-mobile-header-display":"","site-post-title":"disabled","ast-breadcrumbs-content":"","ast-featured-img":"disabled","footer-sml-layout":"","ast-disable-related-posts":"","theme-transparent-header-meta":"default","adv-header-id-meta":"","stick-header-meta":"","header-above-stick-meta":"","header-main-stick-meta":"","header-below-stick-meta":"","astra-migrate-meta-layouts":"default","ast-page-background-enabled":"default","ast-page-background-meta":{"desktop":{"background-color":"","background-image":"","background-repeat":"repeat","background-position":"center center","background-size":"auto","background-attachment":"scroll","background-type":"","background-media":"","overlay-type":"","overlay-color":"","overlay-opacity":"","overlay-gradient":""},"tablet":{"background-color":"","background-image":"","background-repeat":"repeat","background-position":"center center","background-size":"auto","background-attachment":"scroll","background-type":"","background-media":"","overlay-type":"","overlay-color":"","overlay-opacity":"","overlay-gradient":""},"mobile":{"background-color":"","background-image":"","background-repeat":"repeat","background-position":"center center","background-size":"auto","background-attachment":"scroll","background-type":"","background-media":"","overlay-type":"","overlay-color":"","overlay-opacity":"","overlay-gradient":""}},"ast-content-background-meta":{"desktop":{"background-color":"var(--ast-global-color-5)","background-image":"","background-repeat":"repeat","background-position":"center center","background-size":"auto","background-attachment":"scroll","background-type":"","background-media":"","overlay-type":"","overlay-color":"","overlay-opacity":"","overlay-gradient":""},"tablet":{"background-color":"var(--ast-global-color-5)","background-image":"","background-repeat":"repeat","background-position":"center center","background-size":"auto","background-attachment":"scroll","background-type":"","background-media":"","overlay-type":"","overlay-color":"","overlay-opacity":"","overlay-gradient":""},"mobile":{"background-color":"var(--ast-global-color-5)","background-image":"","background-repeat":"repeat","background-position":"center center","background-size":"auto","background-attachment":"scroll","background-type":"","background-media":"","overlay-type":"","overlay-color":"","overlay-opacity":"","overlay-gradient":""}},"footnotes":""},"categories":[],"tags":[],"class_list":["post-585","page","type-page","status-publish","hentry"],"yoast_head":"<!-- This site is optimized with the Yoast SEO plugin v27.4 - https:\/\/yoast.com\/product\/yoast-seo-wordpress\/ -->\n<title>Fritz Nyffenegger - RBT AG - Die Treuh\u00e4nder St. Moritz<\/title>\n<meta name=\"robots\" content=\"index, follow, max-snippet:-1, max-image-preview:large, max-video-preview:-1\" \/>\n<link rel=\"canonical\" href=\"https:\/\/www.rbtag.ch\/en\/team\/fritz-nyffenegger\/\" \/>\n<meta property=\"og:locale\" content=\"en_GB\" \/>\n<meta property=\"og:type\" content=\"article\" \/>\n<meta property=\"og:title\" content=\"Fritz Nyffenegger - RBT AG - Die Treuh\u00e4nder St. Moritz\" \/>\n<meta property=\"og:description\" content=\"Fritz Nyffenegger Als Treuh\u00e4nder und Analytiker die Ruhe in Person. Pr\u00e4ziser Generalist im Finanz- und Rechnungswesen und Kenner des Steuerrechts. Langj\u00e4hrige Erfahrung in der Beratung und Betreuung von Firmenkunden unter anderem f\u00fcr die Credit Suisse Schaffhausen und St. Moritz. Bei der CS St. Moritz zuletzt Mitglied des Kaders im Bereich Firmenkunden Region St. Moritz. Seit [&hellip;]\" \/>\n<meta property=\"og:url\" content=\"https:\/\/www.rbtag.ch\/en\/team\/fritz-nyffenegger\/\" \/>\n<meta property=\"og:site_name\" content=\"RBT AG - Die Treuh\u00e4nder St. Moritz\" \/>\n<meta property=\"article:modified_time\" content=\"2023-01-18T14:26:33+00:00\" \/>\n<meta property=\"og:image\" content=\"https:\/\/www.rbtag.ch\/wp-content\/uploads\/2023\/01\/team_fritz-nyffenegger.jpg\" \/>\n<meta name=\"twitter:card\" content=\"summary_large_image\" \/>\n<meta name=\"twitter:label1\" content=\"Estimated reading time\" \/>\n\t<meta name=\"twitter:data1\" content=\"1 minute\" \/>\n<script type=\"application\/ld+json\" class=\"yoast-schema-graph\">{\"@context\":\"https:\\\/\\\/schema.org\",\"@graph\":[{\"@type\":\"WebPage\",\"@id\":\"https:\\\/\\\/www.rbtag.ch\\\/team\\\/fritz-nyffenegger\\\/\",\"url\":\"https:\\\/\\\/www.rbtag.ch\\\/team\\\/fritz-nyffenegger\\\/\",\"name\":\"Fritz Nyffenegger - RBT AG - Die Treuh\u00e4nder St. Moritz\",\"isPartOf\":{\"@id\":\"https:\\\/\\\/www.rbtag.ch\\\/#website\"},\"primaryImageOfPage\":{\"@id\":\"https:\\\/\\\/www.rbtag.ch\\\/team\\\/fritz-nyffenegger\\\/#primaryimage\"},\"image\":{\"@id\":\"https:\\\/\\\/www.rbtag.ch\\\/team\\\/fritz-nyffenegger\\\/#primaryimage\"},\"thumbnailUrl\":\"https:\\\/\\\/www.rbtag.ch\\\/wp-content\\\/uploads\\\/2023\\\/01\\\/team_fritz-nyffenegger.jpg\",\"datePublished\":\"2020-09-10T13:31:48+00:00\",\"dateModified\":\"2023-01-18T14:26:33+00:00\",\"breadcrumb\":{\"@id\":\"https:\\\/\\\/www.rbtag.ch\\\/team\\\/fritz-nyffenegger\\\/#breadcrumb\"},\"inLanguage\":\"en-GB\",\"potentialAction\":[{\"@type\":\"ReadAction\",\"target\":[\"https:\\\/\\\/www.rbtag.ch\\\/team\\\/fritz-nyffenegger\\\/\"]}]},{\"@type\":\"ImageObject\",\"inLanguage\":\"en-GB\",\"@id\":\"https:\\\/\\\/www.rbtag.ch\\\/team\\\/fritz-nyffenegger\\\/#primaryimage\",\"url\":\"https:\\\/\\\/www.rbtag.ch\\\/wp-content\\\/uploads\\\/2023\\\/01\\\/team_fritz-nyffenegger.jpg\",\"contentUrl\":\"https:\\\/\\\/www.rbtag.ch\\\/wp-content\\\/uploads\\\/2023\\\/01\\\/team_fritz-nyffenegger.jpg\"},{\"@type\":\"BreadcrumbList\",\"@id\":\"https:\\\/\\\/www.rbtag.ch\\\/team\\\/fritz-nyffenegger\\\/#breadcrumb\",\"itemListElement\":[{\"@type\":\"ListItem\",\"position\":1,\"name\":\"Startseite\",\"item\":\"https:\\\/\\\/www.rbtag.ch\\\/\"},{\"@type\":\"ListItem\",\"position\":2,\"name\":\"Team\",\"item\":\"https:\\\/\\\/www.rbtag.ch\\\/team\\\/\"},{\"@type\":\"ListItem\",\"position\":3,\"name\":\"Fritz Nyffenegger\"}]},{\"@type\":\"WebSite\",\"@id\":\"https:\\\/\\\/www.rbtag.ch\\\/#website\",\"url\":\"https:\\\/\\\/www.rbtag.ch\\\/\",\"name\":\"RBT AG - Die Treuh\u00e4nder St. Moritz\",\"description\":\"Treuhand, Steuer, Revisionen, Unternehmungsberatung\",\"publisher\":{\"@id\":\"https:\\\/\\\/www.rbtag.ch\\\/#organization\"},\"potentialAction\":[{\"@type\":\"SearchAction\",\"target\":{\"@type\":\"EntryPoint\",\"urlTemplate\":\"https:\\\/\\\/www.rbtag.ch\\\/?s={search_term_string}\"},\"query-input\":{\"@type\":\"PropertyValueSpecification\",\"valueRequired\":true,\"valueName\":\"search_term_string\"}}],\"inLanguage\":\"en-GB\"},{\"@type\":\"Organization\",\"@id\":\"https:\\\/\\\/www.rbtag.ch\\\/#organization\",\"name\":\"RBT AG - Die Treuh\u00e4nder St. Moritz\",\"url\":\"https:\\\/\\\/www.rbtag.ch\\\/\",\"logo\":{\"@type\":\"ImageObject\",\"inLanguage\":\"en-GB\",\"@id\":\"https:\\\/\\\/www.rbtag.ch\\\/#\\\/schema\\\/logo\\\/image\\\/\",\"url\":\"https:\\\/\\\/www.rbtag.ch\\\/wp-content\\\/uploads\\\/2020\\\/09\\\/cropped-rbt_logo.png\",\"contentUrl\":\"https:\\\/\\\/www.rbtag.ch\\\/wp-content\\\/uploads\\\/2020\\\/09\\\/cropped-rbt_logo.png\",\"width\":220,\"height\":71,\"caption\":\"RBT AG - Die Treuh\u00e4nder St. Moritz\"},\"image\":{\"@id\":\"https:\\\/\\\/www.rbtag.ch\\\/#\\\/schema\\\/logo\\\/image\\\/\"}}]}<\/script>\n<!-- \/ Yoast SEO plugin. -->","yoast_head_json":{"title":"Fritz Nyffenegger - RBT AG - The Trustees St. Moritz","robots":{"index":"index","follow":"follow","max-snippet":"max-snippet:-1","max-image-preview":"max-image-preview:large","max-video-preview":"max-video-preview:-1"},"canonical":"https:\/\/www.rbtag.ch\/en\/team\/fritz-nyffenegger\/","og_locale":"en_GB","og_type":"article","og_title":"Fritz Nyffenegger - RBT AG - Die Treuh\u00e4nder St. Moritz","og_description":"Fritz Nyffenegger Als Treuh\u00e4nder und Analytiker die Ruhe in Person. Pr\u00e4ziser Generalist im Finanz- und Rechnungswesen und Kenner des Steuerrechts. Langj\u00e4hrige Erfahrung in der Beratung und Betreuung von Firmenkunden unter anderem f\u00fcr die Credit Suisse Schaffhausen und St. Moritz. Bei der CS St. Moritz zuletzt Mitglied des Kaders im Bereich Firmenkunden Region St. Moritz. Seit [&hellip;]","og_url":"https:\/\/www.rbtag.ch\/en\/team\/fritz-nyffenegger\/","og_site_name":"RBT AG - Die Treuh\u00e4nder St. Moritz","article_modified_time":"2023-01-18T14:26:33+00:00","og_image":[{"url":"https:\/\/www.rbtag.ch\/wp-content\/uploads\/2023\/01\/team_fritz-nyffenegger.jpg","type":"","width":"","height":""}],"twitter_card":"summary_large_image","twitter_misc":{"Estimated reading time":"1 minute"},"schema":{"@context":"https:\/\/schema.org","@graph":[{"@type":"WebPage","@id":"https:\/\/www.rbtag.ch\/team\/fritz-nyffenegger\/","url":"https:\/\/www.rbtag.ch\/team\/fritz-nyffenegger\/","name":"Fritz Nyffenegger - RBT AG - The Trustees St. Moritz","isPartOf":{"@id":"https:\/\/www.rbtag.ch\/#website"},"primaryImageOfPage":{"@id":"https:\/\/www.rbtag.ch\/team\/fritz-nyffenegger\/#primaryimage"},"image":{"@id":"https:\/\/www.rbtag.ch\/team\/fritz-nyffenegger\/#primaryimage"},"thumbnailUrl":"https:\/\/www.rbtag.ch\/wp-content\/uploads\/2023\/01\/team_fritz-nyffenegger.jpg","datePublished":"2020-09-10T13:31:48+00:00","dateModified":"2023-01-18T14:26:33+00:00","breadcrumb":{"@id":"https:\/\/www.rbtag.ch\/team\/fritz-nyffenegger\/#breadcrumb"},"inLanguage":"en-GB","potentialAction":[{"@type":"ReadAction","target":["https:\/\/www.rbtag.ch\/team\/fritz-nyffenegger\/"]}]},{"@type":"ImageObject","inLanguage":"en-GB","@id":"https:\/\/www.rbtag.ch\/team\/fritz-nyffenegger\/#primaryimage","url":"https:\/\/www.rbtag.ch\/wp-content\/uploads\/2023\/01\/team_fritz-nyffenegger.jpg","contentUrl":"https:\/\/www.rbtag.ch\/wp-content\/uploads\/2023\/01\/team_fritz-nyffenegger.jpg"},{"@type":"BreadcrumbList","@id":"https:\/\/www.rbtag.ch\/team\/fritz-nyffenegger\/#breadcrumb","itemListElement":[{"@type":"ListItem","position":1,"name":"Startseite","item":"https:\/\/www.rbtag.ch\/"},{"@type":"ListItem","position":2,"name":"Team","item":"https:\/\/www.rbtag.ch\/team\/"},{"@type":"ListItem","position":3,"name":"Fritz Nyffenegger"}]},{"@type":"WebSite","@id":"https:\/\/www.rbtag.ch\/#website","url":"https:\/\/www.rbtag.ch\/","name":"RBT AG - The Trustees St. Moritz","description":"Fiduciary, tax, audits, business advice","publisher":{"@id":"https:\/\/www.rbtag.ch\/#organization"},"potentialAction":[{"@type":"SearchAction","target":{"@type":"EntryPoint","urlTemplate":"https:\/\/www.rbtag.ch\/?s={search_term_string}"},"query-input":{"@type":"PropertyValueSpecification","valueRequired":true,"valueName":"search_term_string"}}],"inLanguage":"en-GB"},{"@type":"Organization","@id":"https:\/\/www.rbtag.ch\/#organization","name":"RBT AG - The Trustees St. Moritz","url":"https:\/\/www.rbtag.ch\/","logo":{"@type":"ImageObject","inLanguage":"en-GB","@id":"https:\/\/www.rbtag.ch\/#\/schema\/logo\/image\/","url":"https:\/\/www.rbtag.ch\/wp-content\/uploads\/2020\/09\/cropped-rbt_logo.png","contentUrl":"https:\/\/www.rbtag.ch\/wp-content\/uploads\/2020\/09\/cropped-rbt_logo.png","width":220,"height":71,"caption":"RBT AG - Die Treuh\u00e4nder St. Moritz"},"image":{"@id":"https:\/\/www.rbtag.ch\/#\/schema\/logo\/image\/"}}]}},"_links":{"self":[{"href":"https:\/\/www.rbtag.ch\/en\/wp-json\/wp\/v2\/pages\/585","targetHints":{"allow":["GET"]}}],"collection":[{"href":"https:\/\/www.rbtag.ch\/en\/wp-json\/wp\/v2\/pages"}],"about":[{"href":"https:\/\/www.rbtag.ch\/en\/wp-json\/wp\/v2\/types\/page"}],"author":[{"embeddable":true,"href":"https:\/\/www.rbtag.ch\/en\/wp-json\/wp\/v2\/users\/3"}],"replies":[{"embeddable":true,"href":"https:\/\/www.rbtag.ch\/en\/wp-json\/wp\/v2\/comments?post=585"}],"version-history":[{"count":5,"href":"https:\/\/www.rbtag.ch\/en\/wp-json\/wp\/v2\/pages\/585\/revisions"}],"predecessor-version":[{"id":1484,"href":"https:\/\/www.rbtag.ch\/en\/wp-json\/wp\/v2\/pages\/585\/revisions\/1484"}],"up":[{"embeddable":true,"href":"https:\/\/www.rbtag.ch\/en\/wp-json\/wp\/v2\/pages\/307"}],"wp:attachment":[{"href":"https:\/\/www.rbtag.ch\/en\/wp-json\/wp\/v2\/media?parent=585"}],"wp:term":[{"taxonomy":"category","embeddable":true,"href":"https:\/\/www.rbtag.ch\/en\/wp-json\/wp\/v2\/categories?post=585"},{"taxonomy":"post_tag","embeddable":true,"href":"https:\/\/www.rbtag.ch\/en\/wp-json\/wp\/v2\/tags?post=585"}],"curies":[{"name":"wp","href":"https:\/\/api.w.org\/{rel}","templated":true}]}}