{"id":500,"date":"2020-09-09T15:11:33","date_gmt":"2020-09-09T13:11:33","guid":{"rendered":"https:\/\/www.rbtag.ch\/?page_id=500"},"modified":"2023-01-18T16:28:48","modified_gmt":"2023-01-18T14:28:48","slug":"michael-conrad","status":"publish","type":"page","link":"https:\/\/www.rbtag.ch\/en\/team\/michael-conrad\/","title":{"rendered":"Michael Conrad"},"content":{"rendered":"<div data-elementor-type=\"wp-page\" data-elementor-id=\"500\" class=\"elementor elementor-500\" data-elementor-post-type=\"page\">\n\t\t\t\t\t\t<section class=\"elementor-section elementor-top-section elementor-element elementor-element-5c8db49 elementor-section-content-middle elementor-reverse-mobile elementor-section-boxed elementor-section-height-default elementor-section-height-default\" data-id=\"5c8db49\" data-element_type=\"section\" data-e-type=\"section\">\n\t\t\t\t\t\t<div class=\"elementor-container elementor-column-gap-no\">\n\t\t\t\t\t<div class=\"elementor-column elementor-col-50 elementor-top-column elementor-element elementor-element-4da7bfb\" data-id=\"4da7bfb\" data-element_type=\"column\" data-e-type=\"column\">\n\t\t\t<div class=\"elementor-widget-wrap elementor-element-populated\">\n\t\t\t\t\t\t<div class=\"elementor-element elementor-element-ee0c63f elementor-widget elementor-widget-image\" data-id=\"ee0c63f\" data-element_type=\"widget\" data-e-type=\"widget\" data-widget_type=\"image.default\">\n\t\t\t\t<div class=\"elementor-widget-container\">\n\t\t\t\t\t\t\t\t\t\t\t\t\t\t\t<img fetchpriority=\"high\" decoding=\"async\" width=\"800\" height=\"534\" src=\"https:\/\/www.rbtag.ch\/wp-content\/uploads\/2023\/01\/team_michael-conrad.jpg\" class=\"attachment-large size-large wp-image-1456\" alt=\"\" srcset=\"https:\/\/www.rbtag.ch\/wp-content\/uploads\/2023\/01\/team_michael-conrad.jpg 800w, https:\/\/www.rbtag.ch\/wp-content\/uploads\/2023\/01\/team_michael-conrad-300x200.jpg 300w, https:\/\/www.rbtag.ch\/wp-content\/uploads\/2023\/01\/team_michael-conrad-768x513.jpg 768w, https:\/\/www.rbtag.ch\/wp-content\/uploads\/2023\/01\/team_michael-conrad-18x12.jpg 18w, https:\/\/www.rbtag.ch\/wp-content\/uploads\/2023\/01\/team_michael-conrad-700x467.jpg 700w\" sizes=\"(max-width: 800px) 100vw, 800px\" \/>\t\t\t\t\t\t\t\t\t\t\t\t\t\t\t<\/div>\n\t\t\t\t<\/div>\n\t\t\t\t\t<\/div>\n\t\t<\/div>\n\t\t\t\t<div class=\"elementor-column elementor-col-50 elementor-top-column elementor-element elementor-element-cd472ad\" data-id=\"cd472ad\" data-element_type=\"column\" data-e-type=\"column\">\n\t\t\t<div class=\"elementor-widget-wrap elementor-element-populated\">\n\t\t\t\t\t\t<div class=\"elementor-element elementor-element-ec9ed79 elementor-widget-divider--view-line elementor-widget elementor-widget-divider\" data-id=\"ec9ed79\" data-element_type=\"widget\" data-e-type=\"widget\" data-widget_type=\"divider.default\">\n\t\t\t\t<div class=\"elementor-widget-container\">\n\t\t\t\t\t\t\t<div class=\"elementor-divider\">\n\t\t\t<span class=\"elementor-divider-separator\">\n\t\t\t\t\t\t<\/span>\n\t\t<\/div>\n\t\t\t\t\t\t<\/div>\n\t\t\t\t<\/div>\n\t\t\t\t<div class=\"elementor-element elementor-element-098dfa5 elementor-widget elementor-widget-text-editor\" data-id=\"098dfa5\" data-element_type=\"widget\" data-e-type=\"widget\" data-widget_type=\"text-editor.default\">\n\t\t\t\t<div class=\"elementor-widget-container\">\n\t\t\t\t\t\t\t\t\t<p><strong>Michael Conrad<\/strong><\/p>\t\t\t\t\t\t\t\t<\/div>\n\t\t\t\t<\/div>\n\t\t\t\t<div class=\"elementor-element elementor-element-0c67a9d elementor-widget elementor-widget-heading\" data-id=\"0c67a9d\" data-element_type=\"widget\" data-e-type=\"widget\" data-widget_type=\"heading.default\">\n\t\t\t\t<div class=\"elementor-widget-container\">\n\t\t\t\t\t<h3 class=\"elementor-heading-title elementor-size-default\">As a certified auditor and business economist, he puts great emphasis on risks. He is a balance sheet reader with a distinct feeling for pitfalls and economic efficiency.\n\n<\/h3>\t\t\t\t<\/div>\n\t\t\t\t<\/div>\n\t\t\t\t<div class=\"elementor-element elementor-element-0578580 elementor-hidden-tablet elementor-widget elementor-widget-text-editor\" data-id=\"0578580\" data-element_type=\"widget\" data-e-type=\"widget\" data-widget_type=\"text-editor.default\">\n\t\t\t\t<div class=\"elementor-widget-container\">\n\t\t\t\t\t\t\t\t\tAfter gaining front-line experience at a major bank, Michael Conrad was group and leading auditor at BDO Visura Zurich with emphasis on company valuations, auditing of consolidated financial statements of SMEs, large companies and non-profit companies. In 2003, he became chief financial officer of FIS Alpine World Ski Championships in St. Moritz. Then he joined the \u201ctrustees\u201d. Since then, partner at RBT, audit expert and certified expert for accounting according to Swiss GAAP accounting and reporting recommendations (FER).\n\n\t\t\t\t\t\t\t\t<\/div>\n\t\t\t\t<\/div>\n\t\t\t\t\t<\/div>\n\t\t<\/div>\n\t\t\t\t\t<\/div>\n\t\t<\/section>\n\t\t\t\t<section class=\"elementor-section elementor-top-section elementor-element elementor-element-769d991 elementor-hidden-phone elementor-hidden-desktop elementor-section-boxed elementor-section-height-default elementor-section-height-default\" data-id=\"769d991\" data-element_type=\"section\" data-e-type=\"section\">\n\t\t\t\t\t\t<div class=\"elementor-container elementor-column-gap-no\">\n\t\t\t\t\t<div class=\"elementor-column elementor-col-100 elementor-top-column elementor-element elementor-element-48bb481\" data-id=\"48bb481\" data-element_type=\"column\" data-e-type=\"column\">\n\t\t\t<div class=\"elementor-widget-wrap elementor-element-populated\">\n\t\t\t\t\t\t<div class=\"elementor-element elementor-element-bfceb90 elementor-widget elementor-widget-text-editor\" data-id=\"bfceb90\" data-element_type=\"widget\" data-e-type=\"widget\" data-widget_type=\"text-editor.default\">\n\t\t\t\t<div class=\"elementor-widget-container\">\n\t\t\t\t\t\t\t\t\t<p>After gaining front-line experience at a major bank, Michael Conrad was group and leading auditor at BDO Visura Zurich with emphasis on company valuations, auditing of consolidated financial statements of SMEs, large companies and non-profit companies. In 2003, he became chief financial officer of FIS Alpine World Ski Championships in St. Moritz. Then he joined the \u201ctrustees\u201d. Since then, partner at RBT, audit expert and certified expert for accounting according to Swiss GAAP accounting and reporting recommendations (FER).<\/p><p>\u00a0<\/p>\t\t\t\t\t\t\t\t<\/div>\n\t\t\t\t<\/div>\n\t\t\t\t\t<\/div>\n\t\t<\/div>\n\t\t\t\t\t<\/div>\n\t\t<\/section>\n\t\t\t\t<\/div>","protected":false},"excerpt":{"rendered":"<p>Michael Conrad R\u00e4umt als diplomierter Wirtschaftspr\u00fcfer und Betriebs\u00f6konom vor allem den Risiken hohen Stellenwert ein. Bilanzleser mit ausgepr\u00e4gtem Gesp\u00fcr f\u00fcr Fallstricke und Wirtschaftlichkeit. Nach Fronterfahrung bei einer Grossbank, Gruppen- und Mandatsleiter bei der BDO Visura Z\u00fcrich. Schwerpunkt Unternehmensbewertungen, Pr\u00fcfung von Konzernrechnungen, KMU, Grossfirmen und Non-Profits. 2003 Finanzchef der FIS Alpinen Ski WM in St. Moritz. [&hellip;]<\/p>\n","protected":false},"author":3,"featured_media":0,"parent":307,"menu_order":0,"comment_status":"closed","ping_status":"closed","template":"","meta":{"site-sidebar-layout":"no-sidebar","site-content-layout":"page-builder","ast-site-content-layout":"default","site-content-style":"default","site-sidebar-style":"default","ast-global-header-display":"","ast-banner-title-visibility":"","ast-main-header-display":"","ast-hfb-above-header-display":"","ast-hfb-below-header-display":"","ast-hfb-mobile-header-display":"","site-post-title":"disabled","ast-breadcrumbs-content":"","ast-featured-img":"disabled","footer-sml-layout":"","ast-disable-related-posts":"","theme-transparent-header-meta":"default","adv-header-id-meta":"","stick-header-meta":"","header-above-stick-meta":"","header-main-stick-meta":"","header-below-stick-meta":"","astra-migrate-meta-layouts":"default","ast-page-background-enabled":"default","ast-page-background-meta":{"desktop":{"background-color":"","background-image":"","background-repeat":"repeat","background-position":"center center","background-size":"auto","background-attachment":"scroll","background-type":"","background-media":"","overlay-type":"","overlay-color":"","overlay-opacity":"","overlay-gradient":""},"tablet":{"background-color":"","background-image":"","background-repeat":"repeat","background-position":"center center","background-size":"auto","background-attachment":"scroll","background-type":"","background-media":"","overlay-type":"","overlay-color":"","overlay-opacity":"","overlay-gradient":""},"mobile":{"background-color":"","background-image":"","background-repeat":"repeat","background-position":"center center","background-size":"auto","background-attachment":"scroll","background-type":"","background-media":"","overlay-type":"","overlay-color":"","overlay-opacity":"","overlay-gradient":""}},"ast-content-background-meta":{"desktop":{"background-color":"var(--ast-global-color-5)","background-image":"","background-repeat":"repeat","background-position":"center center","background-size":"auto","background-attachment":"scroll","background-type":"","background-media":"","overlay-type":"","overlay-color":"","overlay-opacity":"","overlay-gradient":""},"tablet":{"background-color":"var(--ast-global-color-5)","background-image":"","background-repeat":"repeat","background-position":"center center","background-size":"auto","background-attachment":"scroll","background-type":"","background-media":"","overlay-type":"","overlay-color":"","overlay-opacity":"","overlay-gradient":""},"mobile":{"background-color":"var(--ast-global-color-5)","background-image":"","background-repeat":"repeat","background-position":"center center","background-size":"auto","background-attachment":"scroll","background-type":"","background-media":"","overlay-type":"","overlay-color":"","overlay-opacity":"","overlay-gradient":""}},"footnotes":""},"categories":[],"tags":[],"class_list":["post-500","page","type-page","status-publish","hentry"],"yoast_head":"<!-- This site is optimized with the Yoast SEO plugin v27.4 - https:\/\/yoast.com\/product\/yoast-seo-wordpress\/ -->\n<title>Michael Conrad - RBT AG - Die Treuh\u00e4nder St. Moritz<\/title>\n<meta name=\"robots\" content=\"index, follow, max-snippet:-1, max-image-preview:large, max-video-preview:-1\" \/>\n<link rel=\"canonical\" href=\"https:\/\/www.rbtag.ch\/en\/team\/michael-conrad\/\" \/>\n<meta property=\"og:locale\" content=\"en_GB\" \/>\n<meta property=\"og:type\" content=\"article\" \/>\n<meta property=\"og:title\" content=\"Michael Conrad - RBT AG - Die Treuh\u00e4nder St. Moritz\" \/>\n<meta property=\"og:description\" content=\"Michael Conrad R\u00e4umt als diplomierter Wirtschaftspr\u00fcfer und Betriebs\u00f6konom vor allem den Risiken hohen Stellenwert ein. Bilanzleser mit ausgepr\u00e4gtem Gesp\u00fcr f\u00fcr Fallstricke und Wirtschaftlichkeit. Nach Fronterfahrung bei einer Grossbank, Gruppen- und Mandatsleiter bei der BDO Visura Z\u00fcrich. Schwerpunkt Unternehmensbewertungen, Pr\u00fcfung von Konzernrechnungen, KMU, Grossfirmen und Non-Profits. 2003 Finanzchef der FIS Alpinen Ski WM in St. Moritz. [&hellip;]\" \/>\n<meta property=\"og:url\" content=\"https:\/\/www.rbtag.ch\/en\/team\/michael-conrad\/\" \/>\n<meta property=\"og:site_name\" content=\"RBT AG - Die Treuh\u00e4nder St. Moritz\" \/>\n<meta property=\"article:modified_time\" content=\"2023-01-18T14:28:48+00:00\" \/>\n<meta property=\"og:image\" content=\"https:\/\/www.rbtag.ch\/wp-content\/uploads\/2023\/01\/team_michael-conrad.jpg\" \/>\n<meta name=\"twitter:card\" content=\"summary_large_image\" \/>\n<meta name=\"twitter:label1\" content=\"Estimated reading time\" \/>\n\t<meta name=\"twitter:data1\" content=\"1 minute\" \/>\n<script type=\"application\/ld+json\" class=\"yoast-schema-graph\">{\"@context\":\"https:\\\/\\\/schema.org\",\"@graph\":[{\"@type\":\"WebPage\",\"@id\":\"https:\\\/\\\/www.rbtag.ch\\\/team\\\/michael-conrad\\\/\",\"url\":\"https:\\\/\\\/www.rbtag.ch\\\/team\\\/michael-conrad\\\/\",\"name\":\"Michael Conrad - RBT AG - Die Treuh\u00e4nder St. Moritz\",\"isPartOf\":{\"@id\":\"https:\\\/\\\/www.rbtag.ch\\\/#website\"},\"primaryImageOfPage\":{\"@id\":\"https:\\\/\\\/www.rbtag.ch\\\/team\\\/michael-conrad\\\/#primaryimage\"},\"image\":{\"@id\":\"https:\\\/\\\/www.rbtag.ch\\\/team\\\/michael-conrad\\\/#primaryimage\"},\"thumbnailUrl\":\"https:\\\/\\\/www.rbtag.ch\\\/wp-content\\\/uploads\\\/2023\\\/01\\\/team_michael-conrad.jpg\",\"datePublished\":\"2020-09-09T13:11:33+00:00\",\"dateModified\":\"2023-01-18T14:28:48+00:00\",\"breadcrumb\":{\"@id\":\"https:\\\/\\\/www.rbtag.ch\\\/team\\\/michael-conrad\\\/#breadcrumb\"},\"inLanguage\":\"en-GB\",\"potentialAction\":[{\"@type\":\"ReadAction\",\"target\":[\"https:\\\/\\\/www.rbtag.ch\\\/team\\\/michael-conrad\\\/\"]}]},{\"@type\":\"ImageObject\",\"inLanguage\":\"en-GB\",\"@id\":\"https:\\\/\\\/www.rbtag.ch\\\/team\\\/michael-conrad\\\/#primaryimage\",\"url\":\"https:\\\/\\\/www.rbtag.ch\\\/wp-content\\\/uploads\\\/2023\\\/01\\\/team_michael-conrad.jpg\",\"contentUrl\":\"https:\\\/\\\/www.rbtag.ch\\\/wp-content\\\/uploads\\\/2023\\\/01\\\/team_michael-conrad.jpg\"},{\"@type\":\"BreadcrumbList\",\"@id\":\"https:\\\/\\\/www.rbtag.ch\\\/team\\\/michael-conrad\\\/#breadcrumb\",\"itemListElement\":[{\"@type\":\"ListItem\",\"position\":1,\"name\":\"Startseite\",\"item\":\"https:\\\/\\\/www.rbtag.ch\\\/\"},{\"@type\":\"ListItem\",\"position\":2,\"name\":\"Team\",\"item\":\"https:\\\/\\\/www.rbtag.ch\\\/team\\\/\"},{\"@type\":\"ListItem\",\"position\":3,\"name\":\"Michael Conrad\"}]},{\"@type\":\"WebSite\",\"@id\":\"https:\\\/\\\/www.rbtag.ch\\\/#website\",\"url\":\"https:\\\/\\\/www.rbtag.ch\\\/\",\"name\":\"RBT AG - Die Treuh\u00e4nder St. Moritz\",\"description\":\"Treuhand, Steuer, Revisionen, Unternehmungsberatung\",\"publisher\":{\"@id\":\"https:\\\/\\\/www.rbtag.ch\\\/#organization\"},\"potentialAction\":[{\"@type\":\"SearchAction\",\"target\":{\"@type\":\"EntryPoint\",\"urlTemplate\":\"https:\\\/\\\/www.rbtag.ch\\\/?s={search_term_string}\"},\"query-input\":{\"@type\":\"PropertyValueSpecification\",\"valueRequired\":true,\"valueName\":\"search_term_string\"}}],\"inLanguage\":\"en-GB\"},{\"@type\":\"Organization\",\"@id\":\"https:\\\/\\\/www.rbtag.ch\\\/#organization\",\"name\":\"RBT AG - Die Treuh\u00e4nder St. Moritz\",\"url\":\"https:\\\/\\\/www.rbtag.ch\\\/\",\"logo\":{\"@type\":\"ImageObject\",\"inLanguage\":\"en-GB\",\"@id\":\"https:\\\/\\\/www.rbtag.ch\\\/#\\\/schema\\\/logo\\\/image\\\/\",\"url\":\"https:\\\/\\\/www.rbtag.ch\\\/wp-content\\\/uploads\\\/2020\\\/09\\\/cropped-rbt_logo.png\",\"contentUrl\":\"https:\\\/\\\/www.rbtag.ch\\\/wp-content\\\/uploads\\\/2020\\\/09\\\/cropped-rbt_logo.png\",\"width\":220,\"height\":71,\"caption\":\"RBT AG - Die Treuh\u00e4nder St. Moritz\"},\"image\":{\"@id\":\"https:\\\/\\\/www.rbtag.ch\\\/#\\\/schema\\\/logo\\\/image\\\/\"}}]}<\/script>\n<!-- \/ Yoast SEO plugin. -->","yoast_head_json":{"title":"Michael Conrad - RBT AG - The Trustees St. Moritz","robots":{"index":"index","follow":"follow","max-snippet":"max-snippet:-1","max-image-preview":"max-image-preview:large","max-video-preview":"max-video-preview:-1"},"canonical":"https:\/\/www.rbtag.ch\/en\/team\/michael-conrad\/","og_locale":"en_GB","og_type":"article","og_title":"Michael Conrad - RBT AG - Die Treuh\u00e4nder St. Moritz","og_description":"Michael Conrad R\u00e4umt als diplomierter Wirtschaftspr\u00fcfer und Betriebs\u00f6konom vor allem den Risiken hohen Stellenwert ein. Bilanzleser mit ausgepr\u00e4gtem Gesp\u00fcr f\u00fcr Fallstricke und Wirtschaftlichkeit. Nach Fronterfahrung bei einer Grossbank, Gruppen- und Mandatsleiter bei der BDO Visura Z\u00fcrich. Schwerpunkt Unternehmensbewertungen, Pr\u00fcfung von Konzernrechnungen, KMU, Grossfirmen und Non-Profits. 2003 Finanzchef der FIS Alpinen Ski WM in St. Moritz. [&hellip;]","og_url":"https:\/\/www.rbtag.ch\/en\/team\/michael-conrad\/","og_site_name":"RBT AG - Die Treuh\u00e4nder St. Moritz","article_modified_time":"2023-01-18T14:28:48+00:00","og_image":[{"url":"https:\/\/www.rbtag.ch\/wp-content\/uploads\/2023\/01\/team_michael-conrad.jpg","type":"","width":"","height":""}],"twitter_card":"summary_large_image","twitter_misc":{"Estimated reading time":"1 minute"},"schema":{"@context":"https:\/\/schema.org","@graph":[{"@type":"WebPage","@id":"https:\/\/www.rbtag.ch\/team\/michael-conrad\/","url":"https:\/\/www.rbtag.ch\/team\/michael-conrad\/","name":"Michael Conrad - RBT AG - The Trustees St. Moritz","isPartOf":{"@id":"https:\/\/www.rbtag.ch\/#website"},"primaryImageOfPage":{"@id":"https:\/\/www.rbtag.ch\/team\/michael-conrad\/#primaryimage"},"image":{"@id":"https:\/\/www.rbtag.ch\/team\/michael-conrad\/#primaryimage"},"thumbnailUrl":"https:\/\/www.rbtag.ch\/wp-content\/uploads\/2023\/01\/team_michael-conrad.jpg","datePublished":"2020-09-09T13:11:33+00:00","dateModified":"2023-01-18T14:28:48+00:00","breadcrumb":{"@id":"https:\/\/www.rbtag.ch\/team\/michael-conrad\/#breadcrumb"},"inLanguage":"en-GB","potentialAction":[{"@type":"ReadAction","target":["https:\/\/www.rbtag.ch\/team\/michael-conrad\/"]}]},{"@type":"ImageObject","inLanguage":"en-GB","@id":"https:\/\/www.rbtag.ch\/team\/michael-conrad\/#primaryimage","url":"https:\/\/www.rbtag.ch\/wp-content\/uploads\/2023\/01\/team_michael-conrad.jpg","contentUrl":"https:\/\/www.rbtag.ch\/wp-content\/uploads\/2023\/01\/team_michael-conrad.jpg"},{"@type":"BreadcrumbList","@id":"https:\/\/www.rbtag.ch\/team\/michael-conrad\/#breadcrumb","itemListElement":[{"@type":"ListItem","position":1,"name":"Startseite","item":"https:\/\/www.rbtag.ch\/"},{"@type":"ListItem","position":2,"name":"Team","item":"https:\/\/www.rbtag.ch\/team\/"},{"@type":"ListItem","position":3,"name":"Michael Conrad"}]},{"@type":"WebSite","@id":"https:\/\/www.rbtag.ch\/#website","url":"https:\/\/www.rbtag.ch\/","name":"RBT AG - The Trustees St. Moritz","description":"Fiduciary, tax, audits, business advice","publisher":{"@id":"https:\/\/www.rbtag.ch\/#organization"},"potentialAction":[{"@type":"SearchAction","target":{"@type":"EntryPoint","urlTemplate":"https:\/\/www.rbtag.ch\/?s={search_term_string}"},"query-input":{"@type":"PropertyValueSpecification","valueRequired":true,"valueName":"search_term_string"}}],"inLanguage":"en-GB"},{"@type":"Organization","@id":"https:\/\/www.rbtag.ch\/#organization","name":"RBT AG - The Trustees St. Moritz","url":"https:\/\/www.rbtag.ch\/","logo":{"@type":"ImageObject","inLanguage":"en-GB","@id":"https:\/\/www.rbtag.ch\/#\/schema\/logo\/image\/","url":"https:\/\/www.rbtag.ch\/wp-content\/uploads\/2020\/09\/cropped-rbt_logo.png","contentUrl":"https:\/\/www.rbtag.ch\/wp-content\/uploads\/2020\/09\/cropped-rbt_logo.png","width":220,"height":71,"caption":"RBT AG - Die Treuh\u00e4nder St. Moritz"},"image":{"@id":"https:\/\/www.rbtag.ch\/#\/schema\/logo\/image\/"}}]}},"_links":{"self":[{"href":"https:\/\/www.rbtag.ch\/en\/wp-json\/wp\/v2\/pages\/500","targetHints":{"allow":["GET"]}}],"collection":[{"href":"https:\/\/www.rbtag.ch\/en\/wp-json\/wp\/v2\/pages"}],"about":[{"href":"https:\/\/www.rbtag.ch\/en\/wp-json\/wp\/v2\/types\/page"}],"author":[{"embeddable":true,"href":"https:\/\/www.rbtag.ch\/en\/wp-json\/wp\/v2\/users\/3"}],"replies":[{"embeddable":true,"href":"https:\/\/www.rbtag.ch\/en\/wp-json\/wp\/v2\/comments?post=500"}],"version-history":[{"count":12,"href":"https:\/\/www.rbtag.ch\/en\/wp-json\/wp\/v2\/pages\/500\/revisions"}],"predecessor-version":[{"id":1487,"href":"https:\/\/www.rbtag.ch\/en\/wp-json\/wp\/v2\/pages\/500\/revisions\/1487"}],"up":[{"embeddable":true,"href":"https:\/\/www.rbtag.ch\/en\/wp-json\/wp\/v2\/pages\/307"}],"wp:attachment":[{"href":"https:\/\/www.rbtag.ch\/en\/wp-json\/wp\/v2\/media?parent=500"}],"wp:term":[{"taxonomy":"category","embeddable":true,"href":"https:\/\/www.rbtag.ch\/en\/wp-json\/wp\/v2\/categories?post=500"},{"taxonomy":"post_tag","embeddable":true,"href":"https:\/\/www.rbtag.ch\/en\/wp-json\/wp\/v2\/tags?post=500"}],"curies":[{"name":"wp","href":"https:\/\/api.w.org\/{rel}","templated":true}]}}