{"id":304,"date":"2020-08-31T14:29:16","date_gmt":"2020-08-31T12:29:16","guid":{"rendered":"https:\/\/www.rbtag.ch\/?page_id=304"},"modified":"2023-01-18T16:30:48","modified_gmt":"2023-01-18T14:30:48","slug":"martin-strain","status":"publish","type":"page","link":"https:\/\/www.rbtag.ch\/en\/team\/martin-stamm\/","title":{"rendered":"Martin Stamm"},"content":{"rendered":"<div data-elementor-type=\"wp-page\" data-elementor-id=\"304\" class=\"elementor elementor-304\" data-elementor-post-type=\"page\">\n\t\t\t\t\t\t<section class=\"elementor-section elementor-top-section elementor-element elementor-element-5262604 elementor-section-content-middle elementor-reverse-mobile elementor-section-boxed elementor-section-height-default elementor-section-height-default\" data-id=\"5262604\" data-element_type=\"section\" data-e-type=\"section\">\n\t\t\t\t\t\t<div class=\"elementor-container elementor-column-gap-no\">\n\t\t\t\t\t<div class=\"elementor-column elementor-col-50 elementor-top-column elementor-element elementor-element-ef45458\" data-id=\"ef45458\" data-element_type=\"column\" data-e-type=\"column\">\n\t\t\t<div class=\"elementor-widget-wrap elementor-element-populated\">\n\t\t\t\t\t\t<div class=\"elementor-element elementor-element-7102820 elementor-widget elementor-widget-image\" data-id=\"7102820\" data-element_type=\"widget\" data-e-type=\"widget\" data-widget_type=\"image.default\">\n\t\t\t\t<div class=\"elementor-widget-container\">\n\t\t\t\t\t\t\t\t\t\t\t\t\t\t\t<img fetchpriority=\"high\" decoding=\"async\" width=\"800\" height=\"534\" src=\"https:\/\/www.rbtag.ch\/wp-content\/uploads\/2023\/01\/team_martin-stamm.jpg\" class=\"attachment-large size-large wp-image-1455\" alt=\"\" srcset=\"https:\/\/www.rbtag.ch\/wp-content\/uploads\/2023\/01\/team_martin-stamm.jpg 800w, https:\/\/www.rbtag.ch\/wp-content\/uploads\/2023\/01\/team_martin-stamm-300x200.jpg 300w, https:\/\/www.rbtag.ch\/wp-content\/uploads\/2023\/01\/team_martin-stamm-768x513.jpg 768w, https:\/\/www.rbtag.ch\/wp-content\/uploads\/2023\/01\/team_martin-stamm-18x12.jpg 18w, https:\/\/www.rbtag.ch\/wp-content\/uploads\/2023\/01\/team_martin-stamm-700x467.jpg 700w\" sizes=\"(max-width: 800px) 100vw, 800px\" \/>\t\t\t\t\t\t\t\t\t\t\t\t\t\t\t<\/div>\n\t\t\t\t<\/div>\n\t\t\t\t\t<\/div>\n\t\t<\/div>\n\t\t\t\t<div class=\"elementor-column elementor-col-50 elementor-top-column elementor-element elementor-element-cd346e4\" data-id=\"cd346e4\" data-element_type=\"column\" data-e-type=\"column\">\n\t\t\t<div class=\"elementor-widget-wrap elementor-element-populated\">\n\t\t\t\t\t\t<div class=\"elementor-element elementor-element-cb2a4ae elementor-widget-divider--view-line elementor-widget elementor-widget-divider\" data-id=\"cb2a4ae\" data-element_type=\"widget\" data-e-type=\"widget\" data-widget_type=\"divider.default\">\n\t\t\t\t<div class=\"elementor-widget-container\">\n\t\t\t\t\t\t\t<div class=\"elementor-divider\">\n\t\t\t<span class=\"elementor-divider-separator\">\n\t\t\t\t\t\t<\/span>\n\t\t<\/div>\n\t\t\t\t\t\t<\/div>\n\t\t\t\t<\/div>\n\t\t\t\t<div class=\"elementor-element elementor-element-0d29e25 elementor-widget elementor-widget-text-editor\" data-id=\"0d29e25\" data-element_type=\"widget\" data-e-type=\"widget\" data-widget_type=\"text-editor.default\">\n\t\t\t\t<div class=\"elementor-widget-container\">\n\t\t\t\t\t\t\t\t\t<p><strong>Martin Stamm<\/strong><\/p>\t\t\t\t\t\t\t\t<\/div>\n\t\t\t\t<\/div>\n\t\t\t\t<div class=\"elementor-element elementor-element-e043564 elementor-widget elementor-widget-heading\" data-id=\"e043564\" data-element_type=\"widget\" data-e-type=\"widget\" data-widget_type=\"heading.default\">\n\t\t\t\t<div class=\"elementor-widget-container\">\n\t\t\t\t\t<h3 class=\"elementor-heading-title elementor-size-default\">He is a certified public accountant with an international background. As an experienced advisor and analyst, he is a goal-orientated pilot in our clients\u2019 financial cockpit.<\/h3>\t\t\t\t<\/div>\n\t\t\t\t<\/div>\n\t\t\t\t<div class=\"elementor-element elementor-element-8674335 elementor-hidden-tablet elementor-widget elementor-widget-text-editor\" data-id=\"8674335\" data-element_type=\"widget\" data-e-type=\"widget\" data-widget_type=\"text-editor.default\">\n\t\t\t\t<div class=\"elementor-widget-container\">\n\t\t\t\t\t\t\t\t\t<p>Martin Stamm studied at the University of St. Gallen HSG and trained at Ernst &amp; Young Zurich. He was among others auditor at ABB and a Coach at the Outsourcing Center of Ernst &amp; Young in India. In 2013, the native of the Engadin returned to the alpine valley and brought his knowledge to us. Partner at RBT since 2015.<\/p>\t\t\t\t\t\t\t\t<\/div>\n\t\t\t\t<\/div>\n\t\t\t\t\t<\/div>\n\t\t<\/div>\n\t\t\t\t\t<\/div>\n\t\t<\/section>\n\t\t\t\t<section class=\"elementor-section elementor-top-section elementor-element elementor-element-6fcdfc7 elementor-hidden-desktop elementor-hidden-phone elementor-section-boxed elementor-section-height-default elementor-section-height-default\" data-id=\"6fcdfc7\" data-element_type=\"section\" data-e-type=\"section\">\n\t\t\t\t\t\t<div class=\"elementor-container elementor-column-gap-no\">\n\t\t\t\t\t<div class=\"elementor-column elementor-col-100 elementor-top-column elementor-element elementor-element-5e46c83\" data-id=\"5e46c83\" data-element_type=\"column\" data-e-type=\"column\">\n\t\t\t<div class=\"elementor-widget-wrap elementor-element-populated\">\n\t\t\t\t\t\t<div class=\"elementor-element elementor-element-4fd7d7e elementor-widget elementor-widget-text-editor\" data-id=\"4fd7d7e\" data-element_type=\"widget\" data-e-type=\"widget\" data-widget_type=\"text-editor.default\">\n\t\t\t\t<div class=\"elementor-widget-container\">\n\t\t\t\t\t\t\t\t\t<p>Martin Stamm studied at the University of St. Gallen HSG and trained at Ernst &amp; Young Zurich. He was among others auditor at ABB and a Coach at the Outsourcing Center of Ernst &amp; Young in India. In 2013, the native of the Engadin returned to the alpine valley and brought his knowledge to us. Partner at RBT since 2015.<\/p>\t\t\t\t\t\t\t\t<\/div>\n\t\t\t\t<\/div>\n\t\t\t\t\t<\/div>\n\t\t<\/div>\n\t\t\t\t\t<\/div>\n\t\t<\/section>\n\t\t\t\t<\/div>","protected":false},"excerpt":{"rendered":"<p>Martin Stamm Diplomierter Wirtschaftspr\u00fcfer mit internationalem Background. Als erfahrener Berater und Analytiker ein zielsicherer Pilot im finanziellen Cockpit unserer Kunden. Studium an der HSG und Ausbildungsjahre bei Ernst &amp; Young Z\u00fcrich. Danach Revisor beim Grosskonzern ABB und Coach Outsourcingcenter in Indien. 2013 z\u00fcgelte der Engadiner zur\u00fcck ins Hochtal und sein Wissen zu uns: seit 2015 [&hellip;]<\/p>\n","protected":false},"author":3,"featured_media":0,"parent":307,"menu_order":0,"comment_status":"closed","ping_status":"closed","template":"","meta":{"site-sidebar-layout":"no-sidebar","site-content-layout":"page-builder","ast-site-content-layout":"default","site-content-style":"default","site-sidebar-style":"default","ast-global-header-display":"","ast-banner-title-visibility":"","ast-main-header-display":"","ast-hfb-above-header-display":"","ast-hfb-below-header-display":"","ast-hfb-mobile-header-display":"","site-post-title":"disabled","ast-breadcrumbs-content":"","ast-featured-img":"disabled","footer-sml-layout":"","ast-disable-related-posts":"","theme-transparent-header-meta":"default","adv-header-id-meta":"","stick-header-meta":"","header-above-stick-meta":"","header-main-stick-meta":"","header-below-stick-meta":"","astra-migrate-meta-layouts":"default","ast-page-background-enabled":"default","ast-page-background-meta":{"desktop":{"background-color":"","background-image":"","background-repeat":"repeat","background-position":"center center","background-size":"auto","background-attachment":"scroll","background-type":"","background-media":"","overlay-type":"","overlay-color":"","overlay-opacity":"","overlay-gradient":""},"tablet":{"background-color":"","background-image":"","background-repeat":"repeat","background-position":"center center","background-size":"auto","background-attachment":"scroll","background-type":"","background-media":"","overlay-type":"","overlay-color":"","overlay-opacity":"","overlay-gradient":""},"mobile":{"background-color":"","background-image":"","background-repeat":"repeat","background-position":"center center","background-size":"auto","background-attachment":"scroll","background-type":"","background-media":"","overlay-type":"","overlay-color":"","overlay-opacity":"","overlay-gradient":""}},"ast-content-background-meta":{"desktop":{"background-color":"var(--ast-global-color-5)","background-image":"","background-repeat":"repeat","background-position":"center center","background-size":"auto","background-attachment":"scroll","background-type":"","background-media":"","overlay-type":"","overlay-color":"","overlay-opacity":"","overlay-gradient":""},"tablet":{"background-color":"var(--ast-global-color-5)","background-image":"","background-repeat":"repeat","background-position":"center center","background-size":"auto","background-attachment":"scroll","background-type":"","background-media":"","overlay-type":"","overlay-color":"","overlay-opacity":"","overlay-gradient":""},"mobile":{"background-color":"var(--ast-global-color-5)","background-image":"","background-repeat":"repeat","background-position":"center center","background-size":"auto","background-attachment":"scroll","background-type":"","background-media":"","overlay-type":"","overlay-color":"","overlay-opacity":"","overlay-gradient":""}},"footnotes":""},"categories":[],"tags":[],"class_list":["post-304","page","type-page","status-publish","hentry"],"yoast_head":"<!-- This site is optimized with the Yoast SEO plugin v27.4 - https:\/\/yoast.com\/product\/yoast-seo-wordpress\/ -->\n<title>Martin Stamm - RBT AG - Die Treuh\u00e4nder St. Moritz<\/title>\n<meta name=\"robots\" content=\"index, follow, max-snippet:-1, max-image-preview:large, max-video-preview:-1\" \/>\n<link rel=\"canonical\" href=\"https:\/\/www.rbtag.ch\/en\/team\/martin-strain\/\" \/>\n<meta property=\"og:locale\" content=\"en_GB\" \/>\n<meta property=\"og:type\" content=\"article\" \/>\n<meta property=\"og:title\" content=\"Martin Stamm - RBT AG - Die Treuh\u00e4nder St. Moritz\" \/>\n<meta property=\"og:description\" content=\"Martin Stamm Diplomierter Wirtschaftspr\u00fcfer mit internationalem Background. Als erfahrener Berater und Analytiker ein zielsicherer Pilot im finanziellen Cockpit unserer Kunden. Studium an der HSG und Ausbildungsjahre bei Ernst &amp; Young Z\u00fcrich. Danach Revisor beim Grosskonzern ABB und Coach Outsourcingcenter in Indien. 2013 z\u00fcgelte der Engadiner zur\u00fcck ins Hochtal und sein Wissen zu uns: seit 2015 [&hellip;]\" \/>\n<meta property=\"og:url\" content=\"https:\/\/www.rbtag.ch\/en\/team\/martin-strain\/\" \/>\n<meta property=\"og:site_name\" content=\"RBT AG - Die Treuh\u00e4nder St. Moritz\" \/>\n<meta property=\"article:modified_time\" content=\"2023-01-18T14:30:48+00:00\" \/>\n<meta property=\"og:image\" content=\"https:\/\/www.rbtag.ch\/wp-content\/uploads\/2023\/01\/team_martin-stamm.jpg\" \/>\n<meta name=\"twitter:card\" content=\"summary_large_image\" \/>\n<meta name=\"twitter:label1\" content=\"Estimated reading time\" \/>\n\t<meta name=\"twitter:data1\" content=\"1 minute\" \/>\n<script type=\"application\/ld+json\" class=\"yoast-schema-graph\">{\"@context\":\"https:\\\/\\\/schema.org\",\"@graph\":[{\"@type\":\"WebPage\",\"@id\":\"https:\\\/\\\/www.rbtag.ch\\\/team\\\/martin-stamm\\\/\",\"url\":\"https:\\\/\\\/www.rbtag.ch\\\/team\\\/martin-stamm\\\/\",\"name\":\"Martin Stamm - RBT AG - Die Treuh\u00e4nder St. Moritz\",\"isPartOf\":{\"@id\":\"https:\\\/\\\/www.rbtag.ch\\\/#website\"},\"primaryImageOfPage\":{\"@id\":\"https:\\\/\\\/www.rbtag.ch\\\/team\\\/martin-stamm\\\/#primaryimage\"},\"image\":{\"@id\":\"https:\\\/\\\/www.rbtag.ch\\\/team\\\/martin-stamm\\\/#primaryimage\"},\"thumbnailUrl\":\"https:\\\/\\\/www.rbtag.ch\\\/wp-content\\\/uploads\\\/2023\\\/01\\\/team_martin-stamm.jpg\",\"datePublished\":\"2020-08-31T12:29:16+00:00\",\"dateModified\":\"2023-01-18T14:30:48+00:00\",\"breadcrumb\":{\"@id\":\"https:\\\/\\\/www.rbtag.ch\\\/team\\\/martin-stamm\\\/#breadcrumb\"},\"inLanguage\":\"en-GB\",\"potentialAction\":[{\"@type\":\"ReadAction\",\"target\":[\"https:\\\/\\\/www.rbtag.ch\\\/team\\\/martin-stamm\\\/\"]}]},{\"@type\":\"ImageObject\",\"inLanguage\":\"en-GB\",\"@id\":\"https:\\\/\\\/www.rbtag.ch\\\/team\\\/martin-stamm\\\/#primaryimage\",\"url\":\"https:\\\/\\\/www.rbtag.ch\\\/wp-content\\\/uploads\\\/2023\\\/01\\\/team_martin-stamm.jpg\",\"contentUrl\":\"https:\\\/\\\/www.rbtag.ch\\\/wp-content\\\/uploads\\\/2023\\\/01\\\/team_martin-stamm.jpg\"},{\"@type\":\"BreadcrumbList\",\"@id\":\"https:\\\/\\\/www.rbtag.ch\\\/team\\\/martin-stamm\\\/#breadcrumb\",\"itemListElement\":[{\"@type\":\"ListItem\",\"position\":1,\"name\":\"Startseite\",\"item\":\"https:\\\/\\\/www.rbtag.ch\\\/\"},{\"@type\":\"ListItem\",\"position\":2,\"name\":\"Team\",\"item\":\"https:\\\/\\\/www.rbtag.ch\\\/team\\\/\"},{\"@type\":\"ListItem\",\"position\":3,\"name\":\"Martin Stamm\"}]},{\"@type\":\"WebSite\",\"@id\":\"https:\\\/\\\/www.rbtag.ch\\\/#website\",\"url\":\"https:\\\/\\\/www.rbtag.ch\\\/\",\"name\":\"RBT AG - Die Treuh\u00e4nder St. Moritz\",\"description\":\"Treuhand, Steuer, Revisionen, Unternehmungsberatung\",\"publisher\":{\"@id\":\"https:\\\/\\\/www.rbtag.ch\\\/#organization\"},\"potentialAction\":[{\"@type\":\"SearchAction\",\"target\":{\"@type\":\"EntryPoint\",\"urlTemplate\":\"https:\\\/\\\/www.rbtag.ch\\\/?s={search_term_string}\"},\"query-input\":{\"@type\":\"PropertyValueSpecification\",\"valueRequired\":true,\"valueName\":\"search_term_string\"}}],\"inLanguage\":\"en-GB\"},{\"@type\":\"Organization\",\"@id\":\"https:\\\/\\\/www.rbtag.ch\\\/#organization\",\"name\":\"RBT AG - Die Treuh\u00e4nder St. Moritz\",\"url\":\"https:\\\/\\\/www.rbtag.ch\\\/\",\"logo\":{\"@type\":\"ImageObject\",\"inLanguage\":\"en-GB\",\"@id\":\"https:\\\/\\\/www.rbtag.ch\\\/#\\\/schema\\\/logo\\\/image\\\/\",\"url\":\"https:\\\/\\\/www.rbtag.ch\\\/wp-content\\\/uploads\\\/2020\\\/09\\\/cropped-rbt_logo.png\",\"contentUrl\":\"https:\\\/\\\/www.rbtag.ch\\\/wp-content\\\/uploads\\\/2020\\\/09\\\/cropped-rbt_logo.png\",\"width\":220,\"height\":71,\"caption\":\"RBT AG - Die Treuh\u00e4nder St. Moritz\"},\"image\":{\"@id\":\"https:\\\/\\\/www.rbtag.ch\\\/#\\\/schema\\\/logo\\\/image\\\/\"}}]}<\/script>\n<!-- \/ Yoast SEO plugin. -->","yoast_head_json":{"title":"Martin Stamm - RBT AG - The Trustees St. Moritz","robots":{"index":"index","follow":"follow","max-snippet":"max-snippet:-1","max-image-preview":"max-image-preview:large","max-video-preview":"max-video-preview:-1"},"canonical":"https:\/\/www.rbtag.ch\/en\/team\/martin-strain\/","og_locale":"en_GB","og_type":"article","og_title":"Martin Stamm - RBT AG - Die Treuh\u00e4nder St. Moritz","og_description":"Martin Stamm Diplomierter Wirtschaftspr\u00fcfer mit internationalem Background. Als erfahrener Berater und Analytiker ein zielsicherer Pilot im finanziellen Cockpit unserer Kunden. Studium an der HSG und Ausbildungsjahre bei Ernst &amp; Young Z\u00fcrich. Danach Revisor beim Grosskonzern ABB und Coach Outsourcingcenter in Indien. 2013 z\u00fcgelte der Engadiner zur\u00fcck ins Hochtal und sein Wissen zu uns: seit 2015 [&hellip;]","og_url":"https:\/\/www.rbtag.ch\/en\/team\/martin-strain\/","og_site_name":"RBT AG - Die Treuh\u00e4nder St. Moritz","article_modified_time":"2023-01-18T14:30:48+00:00","og_image":[{"url":"https:\/\/www.rbtag.ch\/wp-content\/uploads\/2023\/01\/team_martin-stamm.jpg","type":"","width":"","height":""}],"twitter_card":"summary_large_image","twitter_misc":{"Estimated reading time":"1 minute"},"schema":{"@context":"https:\/\/schema.org","@graph":[{"@type":"WebPage","@id":"https:\/\/www.rbtag.ch\/team\/martin-stamm\/","url":"https:\/\/www.rbtag.ch\/team\/martin-stamm\/","name":"Martin Stamm - RBT AG - The Trustees St. Moritz","isPartOf":{"@id":"https:\/\/www.rbtag.ch\/#website"},"primaryImageOfPage":{"@id":"https:\/\/www.rbtag.ch\/team\/martin-stamm\/#primaryimage"},"image":{"@id":"https:\/\/www.rbtag.ch\/team\/martin-stamm\/#primaryimage"},"thumbnailUrl":"https:\/\/www.rbtag.ch\/wp-content\/uploads\/2023\/01\/team_martin-stamm.jpg","datePublished":"2020-08-31T12:29:16+00:00","dateModified":"2023-01-18T14:30:48+00:00","breadcrumb":{"@id":"https:\/\/www.rbtag.ch\/team\/martin-stamm\/#breadcrumb"},"inLanguage":"en-GB","potentialAction":[{"@type":"ReadAction","target":["https:\/\/www.rbtag.ch\/team\/martin-stamm\/"]}]},{"@type":"ImageObject","inLanguage":"en-GB","@id":"https:\/\/www.rbtag.ch\/team\/martin-stamm\/#primaryimage","url":"https:\/\/www.rbtag.ch\/wp-content\/uploads\/2023\/01\/team_martin-stamm.jpg","contentUrl":"https:\/\/www.rbtag.ch\/wp-content\/uploads\/2023\/01\/team_martin-stamm.jpg"},{"@type":"BreadcrumbList","@id":"https:\/\/www.rbtag.ch\/team\/martin-stamm\/#breadcrumb","itemListElement":[{"@type":"ListItem","position":1,"name":"Startseite","item":"https:\/\/www.rbtag.ch\/"},{"@type":"ListItem","position":2,"name":"Team","item":"https:\/\/www.rbtag.ch\/team\/"},{"@type":"ListItem","position":3,"name":"Martin Stamm"}]},{"@type":"WebSite","@id":"https:\/\/www.rbtag.ch\/#website","url":"https:\/\/www.rbtag.ch\/","name":"RBT AG - The Trustees St. Moritz","description":"Fiduciary, tax, audits, business advice","publisher":{"@id":"https:\/\/www.rbtag.ch\/#organization"},"potentialAction":[{"@type":"SearchAction","target":{"@type":"EntryPoint","urlTemplate":"https:\/\/www.rbtag.ch\/?s={search_term_string}"},"query-input":{"@type":"PropertyValueSpecification","valueRequired":true,"valueName":"search_term_string"}}],"inLanguage":"en-GB"},{"@type":"Organization","@id":"https:\/\/www.rbtag.ch\/#organization","name":"RBT AG - The Trustees St. Moritz","url":"https:\/\/www.rbtag.ch\/","logo":{"@type":"ImageObject","inLanguage":"en-GB","@id":"https:\/\/www.rbtag.ch\/#\/schema\/logo\/image\/","url":"https:\/\/www.rbtag.ch\/wp-content\/uploads\/2020\/09\/cropped-rbt_logo.png","contentUrl":"https:\/\/www.rbtag.ch\/wp-content\/uploads\/2020\/09\/cropped-rbt_logo.png","width":220,"height":71,"caption":"RBT AG - Die Treuh\u00e4nder St. Moritz"},"image":{"@id":"https:\/\/www.rbtag.ch\/#\/schema\/logo\/image\/"}}]}},"_links":{"self":[{"href":"https:\/\/www.rbtag.ch\/en\/wp-json\/wp\/v2\/pages\/304","targetHints":{"allow":["GET"]}}],"collection":[{"href":"https:\/\/www.rbtag.ch\/en\/wp-json\/wp\/v2\/pages"}],"about":[{"href":"https:\/\/www.rbtag.ch\/en\/wp-json\/wp\/v2\/types\/page"}],"author":[{"embeddable":true,"href":"https:\/\/www.rbtag.ch\/en\/wp-json\/wp\/v2\/users\/3"}],"replies":[{"embeddable":true,"href":"https:\/\/www.rbtag.ch\/en\/wp-json\/wp\/v2\/comments?post=304"}],"version-history":[{"count":13,"href":"https:\/\/www.rbtag.ch\/en\/wp-json\/wp\/v2\/pages\/304\/revisions"}],"predecessor-version":[{"id":1496,"href":"https:\/\/www.rbtag.ch\/en\/wp-json\/wp\/v2\/pages\/304\/revisions\/1496"}],"up":[{"embeddable":true,"href":"https:\/\/www.rbtag.ch\/en\/wp-json\/wp\/v2\/pages\/307"}],"wp:attachment":[{"href":"https:\/\/www.rbtag.ch\/en\/wp-json\/wp\/v2\/media?parent=304"}],"wp:term":[{"taxonomy":"category","embeddable":true,"href":"https:\/\/www.rbtag.ch\/en\/wp-json\/wp\/v2\/categories?post=304"},{"taxonomy":"post_tag","embeddable":true,"href":"https:\/\/www.rbtag.ch\/en\/wp-json\/wp\/v2\/tags?post=304"}],"curies":[{"name":"wp","href":"https:\/\/api.w.org\/{rel}","templated":true}]}}