{"id":1505,"date":"2023-06-23T16:37:25","date_gmt":"2023-06-23T14:37:25","guid":{"rendered":"https:\/\/www.rbtag.ch\/?page_id=1505"},"modified":"2023-06-23T16:38:49","modified_gmt":"2023-06-23T14:38:49","slug":"jon-duri-pult","status":"publish","type":"page","link":"https:\/\/www.rbtag.ch\/en\/team\/jon-duri-pult\/","title":{"rendered":"Jon Duri Pult"},"content":{"rendered":"<div data-elementor-type=\"wp-page\" data-elementor-id=\"1505\" class=\"elementor elementor-1505\" data-elementor-post-type=\"page\">\n\t\t\t\t\t\t<section class=\"elementor-section elementor-top-section elementor-element elementor-element-8052dfd elementor-section-content-middle elementor-reverse-mobile elementor-section-boxed elementor-section-height-default elementor-section-height-default\" data-id=\"8052dfd\" data-element_type=\"section\" data-e-type=\"section\">\n\t\t\t\t\t\t<div class=\"elementor-container elementor-column-gap-no\">\n\t\t\t\t\t<div class=\"elementor-column elementor-col-50 elementor-top-column elementor-element elementor-element-57143e6\" data-id=\"57143e6\" data-element_type=\"column\" data-e-type=\"column\">\n\t\t\t<div class=\"elementor-widget-wrap elementor-element-populated\">\n\t\t\t\t\t\t<div class=\"elementor-element elementor-element-a9ea5b3 elementor-widget elementor-widget-image\" data-id=\"a9ea5b3\" data-element_type=\"widget\" data-e-type=\"widget\" data-widget_type=\"image.default\">\n\t\t\t\t<div class=\"elementor-widget-container\">\n\t\t\t\t\t\t\t\t\t\t\t\t\t\t\t<img fetchpriority=\"high\" decoding=\"async\" width=\"800\" height=\"534\" src=\"https:\/\/www.rbtag.ch\/wp-content\/uploads\/2023\/01\/team_jon-duri-pult.jpg\" class=\"attachment-large size-large wp-image-1451\" alt=\"\" srcset=\"https:\/\/www.rbtag.ch\/wp-content\/uploads\/2023\/01\/team_jon-duri-pult.jpg 800w, https:\/\/www.rbtag.ch\/wp-content\/uploads\/2023\/01\/team_jon-duri-pult-300x200.jpg 300w, https:\/\/www.rbtag.ch\/wp-content\/uploads\/2023\/01\/team_jon-duri-pult-768x513.jpg 768w, https:\/\/www.rbtag.ch\/wp-content\/uploads\/2023\/01\/team_jon-duri-pult-18x12.jpg 18w, https:\/\/www.rbtag.ch\/wp-content\/uploads\/2023\/01\/team_jon-duri-pult-700x467.jpg 700w\" sizes=\"(max-width: 800px) 100vw, 800px\" \/>\t\t\t\t\t\t\t\t\t\t\t\t\t\t\t<\/div>\n\t\t\t\t<\/div>\n\t\t\t\t\t<\/div>\n\t\t<\/div>\n\t\t\t\t<div class=\"elementor-column elementor-col-50 elementor-top-column elementor-element elementor-element-c02cede\" data-id=\"c02cede\" data-element_type=\"column\" data-e-type=\"column\">\n\t\t\t<div class=\"elementor-widget-wrap elementor-element-populated\">\n\t\t\t\t\t\t<div class=\"elementor-element elementor-element-0ebf54c elementor-widget-divider--view-line elementor-widget elementor-widget-divider\" data-id=\"0ebf54c\" data-element_type=\"widget\" data-e-type=\"widget\" data-widget_type=\"divider.default\">\n\t\t\t\t<div class=\"elementor-widget-container\">\n\t\t\t\t\t\t\t<div class=\"elementor-divider\">\n\t\t\t<span class=\"elementor-divider-separator\">\n\t\t\t\t\t\t<\/span>\n\t\t<\/div>\n\t\t\t\t\t\t<\/div>\n\t\t\t\t<\/div>\n\t\t\t\t<div class=\"elementor-element elementor-element-4f720f0 elementor-widget elementor-widget-text-editor\" data-id=\"4f720f0\" data-element_type=\"widget\" data-e-type=\"widget\" data-widget_type=\"text-editor.default\">\n\t\t\t\t<div class=\"elementor-widget-container\">\n\t\t\t\t\t\t\t\t\t<p><strong>Jon Duri Pult<\/strong><\/p>\t\t\t\t\t\t\t\t<\/div>\n\t\t\t\t<\/div>\n\t\t\t\t<div class=\"elementor-element elementor-element-f046b36 elementor-widget elementor-widget-heading\" data-id=\"f046b36\" data-element_type=\"widget\" data-e-type=\"widget\" data-widget_type=\"heading.default\">\n\t\t\t\t<div class=\"elementor-widget-container\">\n\t\t\t\t\t<h3 class=\"elementor-heading-title elementor-size-default\">An impressive generalist. The fiduciary expert convinces with analytical skills and is always on the cutting edge of digitalization. Partner at RBT.<\/h3>\t\t\t\t<\/div>\n\t\t\t\t<\/div>\n\t\t\t\t<div class=\"elementor-element elementor-element-23db5d3 elementor-hidden-tablet elementor-widget elementor-widget-text-editor\" data-id=\"23db5d3\" data-element_type=\"widget\" data-e-type=\"widget\" data-widget_type=\"text-editor.default\">\n\t\t\t\t<div class=\"elementor-widget-container\">\n\t\t\t\t\t\t\t\t\t<p>After completing his commercial apprenticeship, Jon Duri Pult trained as a fiduciary with a federal certificate in Zurich. He started his career at BDO AG in Zurich. In 2016 he returned to the Engadine, where he joined RBT. Jon Duri Pult has been a certified fiduciary expert since 2021 and a partner at RBT since April 2023.<\/p>\t\t\t\t\t\t\t\t<\/div>\n\t\t\t\t<\/div>\n\t\t\t\t\t<\/div>\n\t\t<\/div>\n\t\t\t\t\t<\/div>\n\t\t<\/section>\n\t\t\t\t<section class=\"elementor-section elementor-top-section elementor-element elementor-element-38b9cc3 elementor-hidden-phone elementor-hidden-desktop elementor-section-boxed elementor-section-height-default elementor-section-height-default\" data-id=\"38b9cc3\" data-element_type=\"section\" data-e-type=\"section\">\n\t\t\t\t\t\t<div class=\"elementor-container elementor-column-gap-no\">\n\t\t\t\t\t<div class=\"elementor-column elementor-col-100 elementor-top-column elementor-element elementor-element-ada4192\" data-id=\"ada4192\" data-element_type=\"column\" data-e-type=\"column\">\n\t\t\t<div class=\"elementor-widget-wrap elementor-element-populated\">\n\t\t\t\t\t\t<div class=\"elementor-element elementor-element-258fbb6 elementor-widget elementor-widget-text-editor\" data-id=\"258fbb6\" data-element_type=\"widget\" data-e-type=\"widget\" data-widget_type=\"text-editor.default\">\n\t\t\t\t<div class=\"elementor-widget-container\">\n\t\t\t\t\t\t\t\t\t<p>After completing his commercial apprenticeship, Jon Duri Pult trained as a fiduciary with a federal certificate in Zurich. He started his career at BDO AG in Zurich. In 2016 he returned to the Engadine, where he joined RBT. Jon Duri Pult has been a certified fiduciary expert since 2021 and a partner at RBT since April 2023.<\/p>\t\t\t\t\t\t\t\t<\/div>\n\t\t\t\t<\/div>\n\t\t\t\t\t<\/div>\n\t\t<\/div>\n\t\t\t\t\t<\/div>\n\t\t<\/section>\n\t\t\t\t<\/div>","protected":false},"excerpt":{"rendered":"<p>Jon Duri Pult Ein bestechender Generalist. Der Treuhandexperte \u00fcberzeugt mit konzisen analytischen F\u00e4higkeiten und ist in Fragen der Digitalisierung stets am Zug der Zeit. Partner bei RBT. Jon Duri Pult absolvierte nach der kaufm\u00e4nnischen Lehre eine Ausbildung zum Treuh\u00e4nder mit eidgen\u00f6ssischem Fachausweis in Z\u00fcrich. Seine Karriere startete er bei der BDO AG in Z\u00fcrich. 2016 [&hellip;]<\/p>\n","protected":false},"author":3,"featured_media":0,"parent":307,"menu_order":0,"comment_status":"closed","ping_status":"closed","template":"","meta":{"site-sidebar-layout":"no-sidebar","site-content-layout":"page-builder","ast-site-content-layout":"default","site-content-style":"default","site-sidebar-style":"default","ast-global-header-display":"","ast-banner-title-visibility":"","ast-main-header-display":"","ast-hfb-above-header-display":"","ast-hfb-below-header-display":"","ast-hfb-mobile-header-display":"","site-post-title":"disabled","ast-breadcrumbs-content":"","ast-featured-img":"disabled","footer-sml-layout":"","ast-disable-related-posts":"","theme-transparent-header-meta":"","adv-header-id-meta":"","stick-header-meta":"","header-above-stick-meta":"","header-main-stick-meta":"","header-below-stick-meta":"","astra-migrate-meta-layouts":"default","ast-page-background-enabled":"default","ast-page-background-meta":{"desktop":{"background-color":"","background-image":"","background-repeat":"repeat","background-position":"center center","background-size":"auto","background-attachment":"scroll","background-type":"","background-media":"","overlay-type":"","overlay-color":"","overlay-opacity":"","overlay-gradient":""},"tablet":{"background-color":"","background-image":"","background-repeat":"repeat","background-position":"center center","background-size":"auto","background-attachment":"scroll","background-type":"","background-media":"","overlay-type":"","overlay-color":"","overlay-opacity":"","overlay-gradient":""},"mobile":{"background-color":"","background-image":"","background-repeat":"repeat","background-position":"center center","background-size":"auto","background-attachment":"scroll","background-type":"","background-media":"","overlay-type":"","overlay-color":"","overlay-opacity":"","overlay-gradient":""}},"ast-content-background-meta":{"desktop":{"background-color":"var(--ast-global-color-5)","background-image":"","background-repeat":"repeat","background-position":"center center","background-size":"auto","background-attachment":"scroll","background-type":"","background-media":"","overlay-type":"","overlay-color":"","overlay-opacity":"","overlay-gradient":""},"tablet":{"background-color":"var(--ast-global-color-5)","background-image":"","background-repeat":"repeat","background-position":"center center","background-size":"auto","background-attachment":"scroll","background-type":"","background-media":"","overlay-type":"","overlay-color":"","overlay-opacity":"","overlay-gradient":""},"mobile":{"background-color":"var(--ast-global-color-5)","background-image":"","background-repeat":"repeat","background-position":"center center","background-size":"auto","background-attachment":"scroll","background-type":"","background-media":"","overlay-type":"","overlay-color":"","overlay-opacity":"","overlay-gradient":""}},"footnotes":""},"categories":[],"tags":[],"class_list":["post-1505","page","type-page","status-publish","hentry"],"yoast_head":"<!-- This site is optimized with the Yoast SEO plugin v27.4 - https:\/\/yoast.com\/product\/yoast-seo-wordpress\/ -->\n<title>Jon Duri Pult - RBT AG - Die Treuh\u00e4nder St. Moritz<\/title>\n<meta name=\"robots\" content=\"index, follow, max-snippet:-1, max-image-preview:large, max-video-preview:-1\" \/>\n<link rel=\"canonical\" href=\"https:\/\/www.rbtag.ch\/en\/team\/jon-duri-pult\/\" \/>\n<meta property=\"og:locale\" content=\"en_GB\" \/>\n<meta property=\"og:type\" content=\"article\" \/>\n<meta property=\"og:title\" content=\"Jon Duri Pult - RBT AG - Die Treuh\u00e4nder St. Moritz\" \/>\n<meta property=\"og:description\" content=\"Jon Duri Pult Ein bestechender Generalist. Der Treuhandexperte \u00fcberzeugt mit konzisen analytischen F\u00e4higkeiten und ist in Fragen der Digitalisierung stets am Zug der Zeit. Partner bei RBT. Jon Duri Pult absolvierte nach der kaufm\u00e4nnischen Lehre eine Ausbildung zum Treuh\u00e4nder mit eidgen\u00f6ssischem Fachausweis in Z\u00fcrich. Seine Karriere startete er bei der BDO AG in Z\u00fcrich. 2016 [&hellip;]\" \/>\n<meta property=\"og:url\" content=\"https:\/\/www.rbtag.ch\/en\/team\/jon-duri-pult\/\" \/>\n<meta property=\"og:site_name\" content=\"RBT AG - Die Treuh\u00e4nder St. Moritz\" \/>\n<meta property=\"article:modified_time\" content=\"2023-06-23T14:38:49+00:00\" \/>\n<meta property=\"og:image\" content=\"https:\/\/www.rbtag.ch\/wp-content\/uploads\/2023\/01\/team_jon-duri-pult.jpg\" \/>\n<meta name=\"twitter:card\" content=\"summary_large_image\" \/>\n<meta name=\"twitter:label1\" content=\"Estimated reading time\" \/>\n\t<meta name=\"twitter:data1\" content=\"1 minute\" \/>\n<script type=\"application\/ld+json\" class=\"yoast-schema-graph\">{\"@context\":\"https:\\\/\\\/schema.org\",\"@graph\":[{\"@type\":\"WebPage\",\"@id\":\"https:\\\/\\\/www.rbtag.ch\\\/team\\\/jon-duri-pult\\\/\",\"url\":\"https:\\\/\\\/www.rbtag.ch\\\/team\\\/jon-duri-pult\\\/\",\"name\":\"Jon Duri Pult - RBT AG - Die Treuh\u00e4nder St. Moritz\",\"isPartOf\":{\"@id\":\"https:\\\/\\\/www.rbtag.ch\\\/#website\"},\"primaryImageOfPage\":{\"@id\":\"https:\\\/\\\/www.rbtag.ch\\\/team\\\/jon-duri-pult\\\/#primaryimage\"},\"image\":{\"@id\":\"https:\\\/\\\/www.rbtag.ch\\\/team\\\/jon-duri-pult\\\/#primaryimage\"},\"thumbnailUrl\":\"https:\\\/\\\/www.rbtag.ch\\\/wp-content\\\/uploads\\\/2023\\\/01\\\/team_jon-duri-pult.jpg\",\"datePublished\":\"2023-06-23T14:37:25+00:00\",\"dateModified\":\"2023-06-23T14:38:49+00:00\",\"breadcrumb\":{\"@id\":\"https:\\\/\\\/www.rbtag.ch\\\/team\\\/jon-duri-pult\\\/#breadcrumb\"},\"inLanguage\":\"en-GB\",\"potentialAction\":[{\"@type\":\"ReadAction\",\"target\":[\"https:\\\/\\\/www.rbtag.ch\\\/team\\\/jon-duri-pult\\\/\"]}]},{\"@type\":\"ImageObject\",\"inLanguage\":\"en-GB\",\"@id\":\"https:\\\/\\\/www.rbtag.ch\\\/team\\\/jon-duri-pult\\\/#primaryimage\",\"url\":\"https:\\\/\\\/www.rbtag.ch\\\/wp-content\\\/uploads\\\/2023\\\/01\\\/team_jon-duri-pult.jpg\",\"contentUrl\":\"https:\\\/\\\/www.rbtag.ch\\\/wp-content\\\/uploads\\\/2023\\\/01\\\/team_jon-duri-pult.jpg\"},{\"@type\":\"BreadcrumbList\",\"@id\":\"https:\\\/\\\/www.rbtag.ch\\\/team\\\/jon-duri-pult\\\/#breadcrumb\",\"itemListElement\":[{\"@type\":\"ListItem\",\"position\":1,\"name\":\"Startseite\",\"item\":\"https:\\\/\\\/www.rbtag.ch\\\/\"},{\"@type\":\"ListItem\",\"position\":2,\"name\":\"Team\",\"item\":\"https:\\\/\\\/www.rbtag.ch\\\/team\\\/\"},{\"@type\":\"ListItem\",\"position\":3,\"name\":\"Jon Duri Pult\"}]},{\"@type\":\"WebSite\",\"@id\":\"https:\\\/\\\/www.rbtag.ch\\\/#website\",\"url\":\"https:\\\/\\\/www.rbtag.ch\\\/\",\"name\":\"RBT AG - Die Treuh\u00e4nder St. Moritz\",\"description\":\"Treuhand, Steuer, Revisionen, Unternehmungsberatung\",\"publisher\":{\"@id\":\"https:\\\/\\\/www.rbtag.ch\\\/#organization\"},\"potentialAction\":[{\"@type\":\"SearchAction\",\"target\":{\"@type\":\"EntryPoint\",\"urlTemplate\":\"https:\\\/\\\/www.rbtag.ch\\\/?s={search_term_string}\"},\"query-input\":{\"@type\":\"PropertyValueSpecification\",\"valueRequired\":true,\"valueName\":\"search_term_string\"}}],\"inLanguage\":\"en-GB\"},{\"@type\":\"Organization\",\"@id\":\"https:\\\/\\\/www.rbtag.ch\\\/#organization\",\"name\":\"RBT AG - Die Treuh\u00e4nder St. Moritz\",\"url\":\"https:\\\/\\\/www.rbtag.ch\\\/\",\"logo\":{\"@type\":\"ImageObject\",\"inLanguage\":\"en-GB\",\"@id\":\"https:\\\/\\\/www.rbtag.ch\\\/#\\\/schema\\\/logo\\\/image\\\/\",\"url\":\"https:\\\/\\\/www.rbtag.ch\\\/wp-content\\\/uploads\\\/2020\\\/09\\\/cropped-rbt_logo.png\",\"contentUrl\":\"https:\\\/\\\/www.rbtag.ch\\\/wp-content\\\/uploads\\\/2020\\\/09\\\/cropped-rbt_logo.png\",\"width\":220,\"height\":71,\"caption\":\"RBT AG - Die Treuh\u00e4nder St. Moritz\"},\"image\":{\"@id\":\"https:\\\/\\\/www.rbtag.ch\\\/#\\\/schema\\\/logo\\\/image\\\/\"}}]}<\/script>\n<!-- \/ Yoast SEO plugin. -->","yoast_head_json":{"title":"Jon Duri Pult - RBT AG - The Trustees St. Moritz","robots":{"index":"index","follow":"follow","max-snippet":"max-snippet:-1","max-image-preview":"max-image-preview:large","max-video-preview":"max-video-preview:-1"},"canonical":"https:\/\/www.rbtag.ch\/en\/team\/jon-duri-pult\/","og_locale":"en_GB","og_type":"article","og_title":"Jon Duri Pult - RBT AG - Die Treuh\u00e4nder St. Moritz","og_description":"Jon Duri Pult Ein bestechender Generalist. Der Treuhandexperte \u00fcberzeugt mit konzisen analytischen F\u00e4higkeiten und ist in Fragen der Digitalisierung stets am Zug der Zeit. Partner bei RBT. Jon Duri Pult absolvierte nach der kaufm\u00e4nnischen Lehre eine Ausbildung zum Treuh\u00e4nder mit eidgen\u00f6ssischem Fachausweis in Z\u00fcrich. Seine Karriere startete er bei der BDO AG in Z\u00fcrich. 2016 [&hellip;]","og_url":"https:\/\/www.rbtag.ch\/en\/team\/jon-duri-pult\/","og_site_name":"RBT AG - Die Treuh\u00e4nder St. Moritz","article_modified_time":"2023-06-23T14:38:49+00:00","og_image":[{"url":"https:\/\/www.rbtag.ch\/wp-content\/uploads\/2023\/01\/team_jon-duri-pult.jpg","type":"","width":"","height":""}],"twitter_card":"summary_large_image","twitter_misc":{"Estimated reading time":"1 minute"},"schema":{"@context":"https:\/\/schema.org","@graph":[{"@type":"WebPage","@id":"https:\/\/www.rbtag.ch\/team\/jon-duri-pult\/","url":"https:\/\/www.rbtag.ch\/team\/jon-duri-pult\/","name":"Jon Duri Pult - RBT AG - The Trustees St. Moritz","isPartOf":{"@id":"https:\/\/www.rbtag.ch\/#website"},"primaryImageOfPage":{"@id":"https:\/\/www.rbtag.ch\/team\/jon-duri-pult\/#primaryimage"},"image":{"@id":"https:\/\/www.rbtag.ch\/team\/jon-duri-pult\/#primaryimage"},"thumbnailUrl":"https:\/\/www.rbtag.ch\/wp-content\/uploads\/2023\/01\/team_jon-duri-pult.jpg","datePublished":"2023-06-23T14:37:25+00:00","dateModified":"2023-06-23T14:38:49+00:00","breadcrumb":{"@id":"https:\/\/www.rbtag.ch\/team\/jon-duri-pult\/#breadcrumb"},"inLanguage":"en-GB","potentialAction":[{"@type":"ReadAction","target":["https:\/\/www.rbtag.ch\/team\/jon-duri-pult\/"]}]},{"@type":"ImageObject","inLanguage":"en-GB","@id":"https:\/\/www.rbtag.ch\/team\/jon-duri-pult\/#primaryimage","url":"https:\/\/www.rbtag.ch\/wp-content\/uploads\/2023\/01\/team_jon-duri-pult.jpg","contentUrl":"https:\/\/www.rbtag.ch\/wp-content\/uploads\/2023\/01\/team_jon-duri-pult.jpg"},{"@type":"BreadcrumbList","@id":"https:\/\/www.rbtag.ch\/team\/jon-duri-pult\/#breadcrumb","itemListElement":[{"@type":"ListItem","position":1,"name":"Startseite","item":"https:\/\/www.rbtag.ch\/"},{"@type":"ListItem","position":2,"name":"Team","item":"https:\/\/www.rbtag.ch\/team\/"},{"@type":"ListItem","position":3,"name":"Jon Duri Pult"}]},{"@type":"WebSite","@id":"https:\/\/www.rbtag.ch\/#website","url":"https:\/\/www.rbtag.ch\/","name":"RBT AG - The Trustees St. Moritz","description":"Fiduciary, tax, audits, business advice","publisher":{"@id":"https:\/\/www.rbtag.ch\/#organization"},"potentialAction":[{"@type":"SearchAction","target":{"@type":"EntryPoint","urlTemplate":"https:\/\/www.rbtag.ch\/?s={search_term_string}"},"query-input":{"@type":"PropertyValueSpecification","valueRequired":true,"valueName":"search_term_string"}}],"inLanguage":"en-GB"},{"@type":"Organization","@id":"https:\/\/www.rbtag.ch\/#organization","name":"RBT AG - The Trustees St. Moritz","url":"https:\/\/www.rbtag.ch\/","logo":{"@type":"ImageObject","inLanguage":"en-GB","@id":"https:\/\/www.rbtag.ch\/#\/schema\/logo\/image\/","url":"https:\/\/www.rbtag.ch\/wp-content\/uploads\/2020\/09\/cropped-rbt_logo.png","contentUrl":"https:\/\/www.rbtag.ch\/wp-content\/uploads\/2020\/09\/cropped-rbt_logo.png","width":220,"height":71,"caption":"RBT AG - Die Treuh\u00e4nder St. Moritz"},"image":{"@id":"https:\/\/www.rbtag.ch\/#\/schema\/logo\/image\/"}}]}},"_links":{"self":[{"href":"https:\/\/www.rbtag.ch\/en\/wp-json\/wp\/v2\/pages\/1505","targetHints":{"allow":["GET"]}}],"collection":[{"href":"https:\/\/www.rbtag.ch\/en\/wp-json\/wp\/v2\/pages"}],"about":[{"href":"https:\/\/www.rbtag.ch\/en\/wp-json\/wp\/v2\/types\/page"}],"author":[{"embeddable":true,"href":"https:\/\/www.rbtag.ch\/en\/wp-json\/wp\/v2\/users\/3"}],"replies":[{"embeddable":true,"href":"https:\/\/www.rbtag.ch\/en\/wp-json\/wp\/v2\/comments?post=1505"}],"version-history":[{"count":4,"href":"https:\/\/www.rbtag.ch\/en\/wp-json\/wp\/v2\/pages\/1505\/revisions"}],"predecessor-version":[{"id":1509,"href":"https:\/\/www.rbtag.ch\/en\/wp-json\/wp\/v2\/pages\/1505\/revisions\/1509"}],"up":[{"embeddable":true,"href":"https:\/\/www.rbtag.ch\/en\/wp-json\/wp\/v2\/pages\/307"}],"wp:attachment":[{"href":"https:\/\/www.rbtag.ch\/en\/wp-json\/wp\/v2\/media?parent=1505"}],"wp:term":[{"taxonomy":"category","embeddable":true,"href":"https:\/\/www.rbtag.ch\/en\/wp-json\/wp\/v2\/categories?post=1505"},{"taxonomy":"post_tag","embeddable":true,"href":"https:\/\/www.rbtag.ch\/en\/wp-json\/wp\/v2\/tags?post=1505"}],"curies":[{"name":"wp","href":"https:\/\/api.w.org\/{rel}","templated":true}]}}